{"id":11109,"date":"2021-06-11T08:17:42","date_gmt":"2021-06-11T08:17:42","guid":{"rendered":"https:\/\/licovin.es\/politica-de-privacidad\/"},"modified":"2021-06-11T08:17:42","modified_gmt":"2021-06-11T08:17:42","slug":"politica-de-privacidad","status":"publish","type":"page","link":"https:\/\/licovin.es\/es\/politica-de-privacidad\/","title":{"rendered":"POL\u00cdTICA DE PRIVACIDAD"},"content":{"rendered":"\t\t<div data-elementor-type=\"wp-page\" data-elementor-id=\"11109\" class=\"elementor elementor-11109\" data-elementor-post-type=\"page\">\n\t\t\t\t\t\t<section class=\"has_ae_slider elementor-section elementor-top-section elementor-element elementor-element-85db3e4 elementor-section-boxed elementor-section-height-default elementor-section-height-default ae-bg-gallery-type-default\" data-id=\"85db3e4\" data-element_type=\"section\">\n\t\t\t\t\t\t<div class=\"elementor-container elementor-column-gap-default\">\n\t\t\t\t\t<div class=\"has_ae_slider elementor-column elementor-col-100 elementor-top-column elementor-element elementor-element-60ba48dc ae-bg-gallery-type-default\" data-id=\"60ba48dc\" data-element_type=\"column\">\n\t\t\t<div class=\"elementor-widget-wrap elementor-element-populated\">\n\t\t\t\t\t\t<div class=\"elementor-element elementor-element-6e4f1f82 elementor-widget elementor-widget-text-editor\" data-id=\"6e4f1f82\" data-element_type=\"widget\" data-widget_type=\"text-editor.default\">\n\t\t\t\t<div class=\"elementor-widget-container\">\n\t\t\t\t\t\t\t\t\t<p>La utilizaci\u00f3n de esta web, redes sociales y de sus formularios requiere la<br \/>\naceptaci\u00f3n del tratamiento de los datos del usuario conforme a esta pol\u00edtica de<br \/>\nprivacidad, incluyendo la recopilaci\u00f3n de datos de acceso y el env\u00edo de<br \/>\ninformaci\u00f3n comercial por v\u00eda electr\u00f3nica.<\/p>\n<h3>RESPONSABLE DEL TRATAMIENTO DE LOS DATOS E INFORMACI\u00d3N DE CONTACTO<\/h3>\n<p>El responsable es: LICOVIN DEL MEDITERR\u00c1NEO, S.L.<br \/>\nDirecci\u00f3n: Ds. Disseminats, 29 43894- CAMARLES.<br \/>\nDatos de contacto del responsable: tel\u00e9fono: \u2026\u2026\u2026\u2026\u2026\u2026\u2026\u2026.;<br \/>\nemail:\u00a0\u2026\u2026\u2026\u2026\u2026\u2026\u2026\u2026\u2026<\/p>\n<h3>FINALIDAD DEL TRATAMIENTO DE LOS DATOS<\/h3>\n<p>Los datos se tratan con el objetivo de proporcionar acceso a los contenidos en<br \/>\nl\u00ednea de la web, as\u00ed como atender las solicitudes de los usuarios de la web,<br \/>\nllevar un registro de visitas (direcciones IP, datos del navegador, pa\u00eds, p\u00e1gina<br \/>\naccedida, etc.) a efectos estad\u00edsticos, aplicar medidas encaminadas a la<br \/>\nseguridad de la web, as\u00ed como en su caso enviarle por medios electr\u00f3nicos<br \/>\ninformaci\u00f3n comercial sobre nuestros productos y servicios.<br \/>\nLos datos tambi\u00e9n se tratan para la gesti\u00f3n de eventos, promociones,<br \/>\nconcursos o suscripciones a las diferentes actividades organizadas, as\u00ed como<br \/>\npara la reserva y compra online de productos y\/o actividades.<br \/>\nEn caso de cumplimentar alguno de los formularios ser\u00e1 necesario facilitar<br \/>\ndeterminados datos personales, los cuales se tratar\u00e1n para la finalidad para la<br \/>\nque se solicitan.<\/p>\n<h3>NEWSLETTERS\u00a0Y CAT\u00c1LOGOS COMERCIALES<\/h3>\n<p>Las empresas vinculadas de Licovin del Mediterr\u00e1neo, S.L. podr\u00e1n enviarle<br \/>\ninformaci\u00f3n de inter\u00e9s, as\u00ed como informaci\u00f3n sobre productos, promociones,<br \/>\nconcursos, ofertas, eventos o actividades relacionadas con los productos de las<br \/>\nempresas vinculadas, a trav\u00e9s de una\u00a0newsletter\u00a0o similar al correo electr\u00f3nico<br \/>\nproporcionado, siempre y cuando tengamos su consentimiento inequ\u00edvoco,<br \/>\nsolicitado, en su caso, a trav\u00e9s de los formularios f\u00edsicos u\u00a0online\u00a0existentes, as\u00ed<br \/>\ncomo a trav\u00e9s de los diferentes m\u00e9todos de suscripci\u00f3n a nuestros eventos,<br \/>\nactividades o ferias, o bien mediante las habilitaciones legales establecidas por<br \/>\nla Ley 34\/2002, de servicios de la sociedad de la informaci\u00f3n y comercio<br \/>\nelectr\u00f3nico. Podr\u00e1 darse de baja en cualquier momento si as\u00ed lo solicita<br \/>\nsiguiendo las condiciones aqu\u00ed descritas o el enlace incorporado en<br \/>\nla\u00a0newsletter. Asimismo, le informamos que Licovin del Mediterr\u00e1neo, S.L.<br \/>\ntambi\u00e9n podr\u00e1 enviarle a su domicilio un cat\u00e1logo comercial con productos del<br \/>\ngrupo, previo consentimiento del interesado o mediante las habilitaciones<br \/>\nlegales para el env\u00edo de publicidad comercial en caso de ser cliente. En todo<\/p>\n<p>momento es posible revocar el consentimiento dirigiendo un email o escrito a<br \/>\nla direcci\u00f3n del responsable, establecida en este documento.<\/p>\n<h3>PROMOCIONES, CONCURSOS Y ACTIVIDADES<\/h3>\n<p>En caso de inscribirse a cualquiera de nuestras actividades, concursos varios o<br \/>\nreserva\/compra de nuestros servicios y productos, los datos se utilizar\u00e1n<br \/>\nexclusivamente para las finalidades descritas en cada formulario propio.<br \/>\nLicovin del Mediterr\u00e1neo, S.L. podr\u00e1 contactarle a trav\u00e9s del email o tel\u00e9fono<br \/>\nproporcionado para informarle sobre asuntos relativos a los productos o<br \/>\nservicios contratados, as\u00ed como para informarle de cualquier cambio o<br \/>\nmodificaci\u00f3n.<\/p>\n<h3>FOTOGRAF\u00cdAS Y V\u00cdDEOS<\/h3>\n<p>En caso de inscribirse a cualquiera de nuestras actividades, concursos varios o<br \/>\neventos, Licovin del Mediterr\u00e1neo, S.L. podr\u00eda tomar fotograf\u00edas o v\u00eddeos de los<br \/>\nasistentes, con finalidades de difusi\u00f3n de las actividades y promoci\u00f3n de las<br \/>\nempresas vinculadas, en medios propios (webs, redes sociales, etc.), as\u00ed como<br \/>\nen medios de terceros interesados. Se informar\u00e1 fehacientemente mediante<br \/>\ncarteles informativos y\/o en las condiciones de suscripci\u00f3n de cada evento o<br \/>\nactividad. En cualquier caso, los usuarios afectados podr\u00e1n ejercer sus<br \/>\nderechos en la direcci\u00f3n o email del responsable, mencionado m\u00e1s arriba.<\/p>\n<h3>LEGITIMACI\u00d3N<\/h3>\n<p>Los datos se tratan en base al consentimiento del usuario, cumplimiento de<br \/>\nobligaciones legales, en su caso para la ejecuci\u00f3n de un contrato o precontrato.<\/p>\n<h3>DESTINATARIOS Y TRANSFERENCIAS<\/h3>\n<p>Destinatarios: Licovin del Mediterr\u00e1neo, S.L.. Empresas vinculadas: Gustos<br \/>\nGastron\u00f2mics, S.L.<br \/>\nNo se prev\u00e9 la transferencia internacional (fuera del Espacio Econ\u00f3mico<br \/>\nEuropeo), salvo con fines de almacenamiento, y en todo caso en base a la<br \/>\nexistencia de una decisi\u00f3n de adecuaci\u00f3n, en base a la existencia de garant\u00edas<br \/>\nadecuadas, as\u00ed como entidades adheridas al acuerdo\u00a0privacy<br \/>\nshield\u00a0(http:\/\/www.privacyshield.gov).<\/p>\n<h3>PLAZO DE CONSERVACI\u00d3N DE LOS DATOS<\/h3>\n<p>Al menos durante los plazos establecidos por la legislaci\u00f3n aplicable y en todo<br \/>\ncaso mientras se mantenga la vigencia del consentimiento.<\/p>\n<h3>DERECHOS DE LAS PERSONAS<\/h3>\n<p>Los afectados tienen derecho a: acceder, rectificar y suprimir sus datos;<br \/>\nsolicitar la portabilidad de sus datos; oponerse al tratamiento o solicitar su<br \/>\nlimitaci\u00f3n; retirar el consentimiento prestado, en su caso.<br \/>\nPara ello pueden enviar su solicitud por escrito o correo electr\u00f3nico a la<br \/>\ndirecci\u00f3n del responsable, incluyendo la referencia \u00abProtecci\u00f3n de datos\u00bb.<br \/>\nPara facilitar la identificaci\u00f3n recomendamos que el titular de los datos adjunte<br \/>\na la solicitud copia de su DNI o pasaporte.<\/p>\n<p>Los afectados tambi\u00e9n pueden realizar una reclamaci\u00f3n ante la Autoridad de<br \/>\nControl de protecci\u00f3n de datos.<\/p>\n<h3>VERACIDAD Y ACTUALIZACI\u00d3N DE LOS DATOS<\/h3>\n<p>El usuario debe rellenar los formularios con datos verdaderos, exactos,<br \/>\ncompletos y actuales. El usuario no introducir\u00e1 datos correspondientes a otra<br \/>\npersona; presumir\u00e1 que los datos han sido facilitados por el titular de los<br \/>\nmismos. El usuario ser\u00e1 el \u00fanico responsable de cualquier da\u00f1o o perjuicio,<br \/>\ndirecto o indirecto que pudiera ocasionar a cualquier persona a causa de la<br \/>\ncumplimentaci\u00f3n del formulario con datos falsos, inexactos, incompletos o no<br \/>\nactualizados o relativos a otra persona.<br \/>\nEl usuario debe comunicar cualquier modificaci\u00f3n en los datos proporcionados<br \/>\ncon el fin de mantener sus datos debidamente actualizados.<\/p>\n<h3>SEGURIDAD DE LA INFORMACI\u00d3N<\/h3>\n<p>Licovin del Mediterr\u00e1neo, S.L. ha tomado todas las medidas legalmente<br \/>\nrequeridas para la protecci\u00f3n de datos personales; asimismo, ha adoptado<br \/>\ntodos los dispositivos t\u00e9cnicos a su alcance para evitar la p\u00e9rdida, el mal uso, la<br \/>\nalteraci\u00f3n, el acceso o el robo de los datos personales facilitados por los<br \/>\nusuarios de la web. El usuario tendr\u00e1 en cuenta, sin embargo, que las medidas<br \/>\nde seguridad en Internet no son absolutamente inviolables.<\/p>\n<h3>MENORES DE EDAD<\/h3>\n<p>Licovin del Mediterr\u00e1neo, S.L proh\u00edbe el uso de sus servicios web a los usuarios<br \/>\nmenores de dieciocho a\u00f1os, salvo consentimiento expreso de sus padres o<br \/>\ntutores.<br \/>\nEn relaci\u00f3n a la tienda en l\u00ednea, \u00fanicamente se autoriza a adquirir productos a<br \/>\nlos mayores de 18 a\u00f1os.<br \/>\nEn ning\u00fan caso el menor podr\u00e1 facilitar a datos que permitan obtener<br \/>\ninformaci\u00f3n sobre los dem\u00e1s miembros del grupo familiar, o sobre las<br \/>\ncaracter\u00edsticas del mismo, como los datos relativos a la actividad profesional de<br \/>\nlos progenitores, informaci\u00f3n econ\u00f3mica, datos sociol\u00f3gicos o cualesquiera<br \/>\notros, sin el consentimiento de los titulares de tales datos.<\/p>\n<h3>ANAL\u00cdTICAS WEB<\/h3>\n<p>Esta web emplea diversas anal\u00edticas para conocer la manera en que es<br \/>\nbuscada, accedida y utilizada por el p\u00fablico. Estas anal\u00edticas pueden implicar la<br \/>\nrecopilaci\u00f3n de datos de car\u00e1cter personal como por ejemplo la direcci\u00f3n IP, la<br \/>\nlocalizaci\u00f3n de la conexi\u00f3n, la informaci\u00f3n sobre el software o hardware de<br \/>\nnavegaci\u00f3n, etc. Esta informaci\u00f3n no se asocia a los usuarios y se utiliza con la<br \/>\nfinalidad exclusiva de obtener informaci\u00f3n estad\u00edstica sobre el uso de la web<br \/>\nde la empresa.<\/p>\n<h3>UTILIZACI\u00d3N DE FUNCIONES Y COMPLEMENTOS DE TERCEROS<\/h3>\n<p>Esta web puede incorporar funciones y complementos proporcionados por<br \/>\nterceros para diversas finalidades como, por ejemplo: anal\u00edticas web de<\/p>\n<p>terceros, mapas de terceros, v\u00eddeos de terceros, compartici\u00f3n en redes<br \/>\nsociales; etc.<br \/>\nUna funci\u00f3n o complemento de un tercero establece una conexi\u00f3n directa<br \/>\nentre el navegador del usuario y los dominios de Internet controlados por el<br \/>\ntercero, permitiendo la descarga y ejecuci\u00f3n de la funci\u00f3n.<br \/>\nAsimismo, la mayor\u00eda de complementos de terceros recopilan qu\u00e9 p\u00e1ginas<br \/>\nvisitan los usuarios para conocer sus intereses y poder ofrecerle<br \/>\nposteriormente publicidad adaptada a los mismos.<\/p>\n<h3>UTILIZACI\u00d3N DE LA FUNCI\u00d3N GOOGLE ANALYTICS PROPORCIONADA POR GOOGLE, INC.<\/h3>\n<p>Esta web integra funciones anal\u00edticas de Google Inc. (1600 AMPHITHEATRE<br \/>\nPARKWAY, MOUNTAIN VIEW, CALIFORNIA, USA) para conocer la manera en que<br \/>\nes buscada, accedida y utilizada por los usuarios. Para ello, al usar esta web el<br \/>\nnavegador del usuario establece una conexi\u00f3n directa con los servidores del<br \/>\ndominio de Internet google.com y otros dominios de Google. Esto permite a<br \/>\nGoogle registrar la actividad del usuario, as\u00ed como informaci\u00f3n relativa a su<br \/>\ndirecci\u00f3n IP. Google Analytics hace uso de cookies persistentes para elaborar<br \/>\nestad\u00edsticas an\u00f3nimas sobre el uso de esta web, conforme a la siguiente<br \/>\npol\u00edtica de<br \/>\nprivacidad:\u00a0https:\/\/www.google.com\/analytics\/learn\/privacy.html?hl=es\u00a0. Al<br \/>\nutilizar este la web el usuario consiente el tratamiento de sus datos por Google<br \/>\nen la forma y para los fines indicados.<\/p>\n<h3>UTILIZACI\u00d3N DE FUNCIONES PROPORCIONADAS POR GOOGLE, INC.<\/h3>\n<p>Esta web integra funciones de Google Inc. (1600 AMPHITHEATRE PARKWAY,<br \/>\nMOUNTAIN VIEW, CALIFORNIA, USA), como por ejemplo v\u00eddeos de YouTube,<br \/>\nmapas y botones \u00ab+1\u00bb. Para ello, al usar la web el navegador del usuario<br \/>\nestablece una conexi\u00f3n directa con los servidores del dominio de Internet<br \/>\ngoogle.com y otros dominios de Google. Esto permite a Google conocer que el<br \/>\nusuario ha visitado la web desde su direcci\u00f3n IP. Google hace uso de cookies<br \/>\npersistentes, almacenamiento local y almacenamiento local de Flash en el<br \/>\ndispositivo del usuario, para varias finalidades incluyendo la recopilaci\u00f3n de la<br \/>\nactividad del usuario en Internet para ofrecerle publicidad adaptada a sus<br \/>\nintereses, conforme a sus pol\u00edticas de privacidad:<br \/>\nhttp:\/\/www.google.es\/intl\/es\/policies\/privacy\/. Al utilizar este la web el usuario<br \/>\nconsiente el tratamiento de sus datos por Google en la forma y para los fines<br \/>\nindicados.<\/p>\n<p>La utilizaci\u00f3n de redes sociales y de sus formularios requiere la aceptaci\u00f3n del<br \/>\ntratamiento de los datos del usuario conforme a esta pol\u00edtica de privacidad,<br \/>\nincluyendo la recopilaci\u00f3n de datos de acceso y el env\u00edo de informaci\u00f3n<br \/>\ncomercial por v\u00eda electr\u00f3nica y otros medios, as\u00ed como la aceptaci\u00f3n de<br \/>\npol\u00edticas de privacidad de cada una de las diferentes redes sociales en las que<br \/>\nla empresa es usuario.<br \/>\nLa interacci\u00f3n con nuestros perfiles se realiza conforme a las pol\u00edticas de<br \/>\nprivacidad de cada red social. Adem\u00e1s, la utilizaci\u00f3n e interacci\u00f3n a trav\u00e9s de<br \/>\nlas redes sociales o perfiles de Licovin del Mediterr\u00e1neo, S.L por parte de los<br \/>\nusuarios, conlleva el tratamiento bajo los t\u00e9rminos establecidos en la presente<br \/>\npol\u00edtica de privacidad, de los datos de car\u00e1cter personal facilitados por el<br \/>\nusuario, as\u00ed como la informaci\u00f3n referida a preferencias y otros datos de<br \/>\ninter\u00e9s comercial.<\/p>\n<p>Consulte nuestra\u00a0pol\u00edtica de privacidad\u00a0y\u00a0pol\u00edtica de cookies\u00a0para obtener m\u00e1s<br \/>\ninformaci\u00f3n sobre c\u00f3mo tratamos sus datos personales.<\/p>\n<h3>RESPONSABLE DEL TRATAMIENTO DE LOS DATOS E INFORMACI\u00d3N DE CONTACTO<\/h3>\n<p>El responsable es: Licovin del Mediterr\u00e1neo, S.L y empresas vinculadas: Gustos<br \/>\nGastron\u00f2mics, S.L.<br \/>\nPuede ponerse en contacto con nosotros:<br \/>\n\uf0b7 Por tel\u00e9fono, en el n\u00famero \u2026\u2026\u2026\u2026\u2026\u2026.<br \/>\n\uf0b7 Por correo electr\u00f3nico, escribiendo a\u00a0\u2026\u2026\u2026\u2026\u2026\u2026\u2026\u2026\u2026\u2026<br \/>\n\uf0b7 Por escrito, dirigi\u00e9ndose a Ds. Disseminats, 29. 43894- Camarles.<br \/>\n\uf0b7<\/p>\n<h3>FINALIDAD DEL TRATAMIENTO DE LOS DATOS<\/h3>\n<p>Los datos proporcionados por los usuarios que interact\u00faan en nuestras redes<br \/>\nsociales se tratan con el objetivo de atender las solicitudes de los usuarios,<br \/>\ngestionar nuestras campa\u00f1as comerciales, as\u00ed como, en su caso, enviarle por<br \/>\nmedios electr\u00f3nicos informaci\u00f3n comercial sobre nuestros productos,<br \/>\nservicios, promociones y actividades.<br \/>\nTambi\u00e9n podremos utilizar los datos proporcionados, incluido sus direcciones<br \/>\nde redes sociales, para contactarle y atender sus solicitudes y\/o reclamaciones<br \/>\nen caso de etiquetarnos o hacernos menci\u00f3n.<\/p>\n<h3>LEGITIMACI\u00d3N<\/h3>\n<p>Los datos se tratan en base al consentimiento del usuario e intereses leg\u00edtimos<br \/>\nde la empresa.<\/p>\n<h3>NEWSLETTERS\u00a0E INFORMACI\u00d3N COMERCIAL<\/h3>\n<p>Licovin del Mediterr\u00e1neo, S.L podr\u00e1 enviarle informaci\u00f3n de inter\u00e9s sobre la<br \/>\nempresa, as\u00ed como informaci\u00f3n sobre productos, promociones, concursos,<br \/>\nofertas, eventos o actividades, propios o de terceros, a trav\u00e9s de<br \/>\nuna\u00a0newsletter\u00a0o similar, siempre y cuando tengamos su consentimiento<br \/>\ninequ\u00edvoco, solicitado, en su caso, a trav\u00e9s de los formularios f\u00edsicos<br \/>\nu\u00a0online\u00a0existentes, as\u00ed como a trav\u00e9s de los diferentes m\u00e9todos de suscripci\u00f3n<br \/>\na nuestros eventos, actividades o ferias, o bien mediante las habilitaciones<br \/>\nlegales establecidas por la Ley 34\/2002 de servicios de la sociedad de la<br \/>\ninformaci\u00f3n y comercio electr\u00f3nico. Podr\u00e1 darse de baja en cualquier<br \/>\nmomento si as\u00ed lo solicita siguiendo las condiciones aqu\u00ed descritas o el enlace<br \/>\nincorporado en la\u00a0newsletter.<br \/>\nAsimismo, la utilizaci\u00f3n de redes sociales implica el tratamiento de los datos<br \/>\ncon fines de publicidad comportamental por parte de las Redes Sociales<br \/>\nconforme a su pol\u00edtica de privacidad. Este tratamiento se realiza en base a tu<br \/>\nconsentimiento al utilizar dichas plataformas por los plazos establecidos por<br \/>\ncada Red Social.<\/p>\n<h3>POL\u00cdTICAS ESPEC\u00cdFICAS DE CADA RED SOCIAL<\/h3>\n<p>Licovin del Mediterr\u00e1neo, S.L forma parte de numerosas redes sociales para los<br \/>\nfines descritos anteriormente. Para obtener una visi\u00f3n espec\u00edfica de cada<br \/>\npol\u00edtica de privacidad, consulte las diferentes pol\u00edticas de privacidad de las<br \/>\nredes sociales que utilizamos en:<br \/>\n\u2026\u2026\u2026\u2026\u2026\u2026\u2026\u2026\u2026\u2026\u2026\u2026\u2026\u2026\u2026\u2026\u2026\u2026..<\/p>\n<h3>NORMAS DE USO<\/h3>\n<p>\uf0b7 No insulte ni menosprecie a nadie. Sea respetuoso y amable y respete<br \/>\nlas diferentes opiniones, creencias, gustos, ideolog\u00edas, orientaciones<br \/>\nsexuales, etc.<br \/>\n\uf0b7 Sea respetuoso con la privacidad de las personas y no difunda<br \/>\ninformaci\u00f3n ni datos de terceros sin los consentimientos preceptivos.<br \/>\n\uf0b7 No haga publicidad de productos y\/o de servicios de terceros en<br \/>\nnuestras plataformas.<br \/>\n\uf0b7 No sea repetitivo ni haga spam.<br \/>\nLicovin del Mediterr\u00e1neo, S.L se reserva el derecho de ocultar, inadmitir y\/o<br \/>\nbloquear a aquellos usuarios que no respeten las normas anteriores ni las<br \/>\ncondiciones descritas en la presente pol\u00edtica de redes sociales.<br \/>\nCONDICIONES DE USO DE LAS FOTOGRAF\u00cdAS E IM\u00c1GENES<br \/>\nPublicamos fotograf\u00edas propias y\/o de terceros siempre bajo autorizaci\u00f3n de<br \/>\nlas personas identificadas y respetando los derechos de autor y propiedad<br \/>\nintelectual de los autores de dichas im\u00e1genes.<br \/>\nLas im\u00e1genes publicadas no pueden copiarse, reproducirse, distribuirse,<br \/>\ncomunicarse o transformarse sin ser expresamente autorizadas Licovin del<\/p>\n<p>Mediterr\u00e1neo, S.L. Solo podr\u00e1n compartirse mediante las herramientas<br \/>\nhabilitadas en las propias redes sociales.<br \/>\nSi utiliza nuestros\u00a0hashtags\u00a0propios creados para una campa\u00f1a determinada, nos<br \/>\nda permiso para utilizar esta fotograf\u00eda o imagen. Siempre le etiquetaremos y<br \/>\ncitaremos en la publicaci\u00f3n.<br \/>\nAsumimos que tiene la propiedad de la imagen o fotograf\u00eda incorporada en<br \/>\nel\u00a0hashtag\u00a0y que no\u00a0infringe la propiedad intelectual y los derechos de imagen<br \/>\nde ning\u00fan tercero ni infringe ninguna ley.<\/p>\n<h3>DESTINATARIOS Y TRANSFERENCIAS<\/h3>\n<p>Destinatarios: Licovin del Mediterr\u00e1neo, S.L y empresas vinculadas: Gustos<br \/>\nGastron\u00f2mics, S.L.<br \/>\nLa utilizaci\u00f3n de redes sociales implica el tratamiento y acceso de datos fuera<br \/>\ndel Espacio Econ\u00f3mico Europeo, incluyendo desde pa\u00edses que no ofrecen una<br \/>\nnormativa de protecci\u00f3n de datos equiparable a la europea. Para m\u00e1s<br \/>\ninformaci\u00f3n, consulte las pol\u00edticas de privacidad de cada una de las redes<br \/>\nsociales.<\/p>\n<h3>PLAZO DE CONSERVACI\u00d3N DE LOS DATOS<\/h3>\n<p>Al menos durante los plazos establecidos por la legislaci\u00f3n aplicable y en todo<br \/>\ncaso mientras se mantenga la vigencia del consentimiento.<\/p>\n<h3>DERECHOS DE LAS PERSONAS<\/h3>\n<p>Los afectados tienen derecho a: acceder, rectificar y suprimir sus datos;<br \/>\nsolicitar la portabilidad de sus datos; oponerse al tratamiento o solicitar su<br \/>\nlimitaci\u00f3n; retirar el consentimiento prestado, en su caso.<br \/>\nPara ello pueden enviar su solicitud por escrito o correo electr\u00f3nico a la<br \/>\ndirecci\u00f3n del responsable, incluyendo la referencia \u00abProtecci\u00f3n de datos\u00bb.<br \/>\nPara facilitar la identificaci\u00f3n recomendamos que el titular de los datos adjunte<br \/>\na la solicitud copia de su DNI o pasaporte.<br \/>\nLos afectados tambi\u00e9n pueden realizar una reclamaci\u00f3n ante la Autoridad de<br \/>\nControl de protecci\u00f3n de datos.<\/p>\n<h3>MENORES DE EDAD<\/h3>\n<p>Licovin del Mediterr\u00e1neo, S.L proh\u00edbe el uso de sus servicios web e interacci\u00f3n<br \/>\nen redes sociales a los usuarios menores de dieciocho a\u00f1os.<br \/>\nEn ning\u00fan caso el menor podr\u00e1 facilitar a Licovin del Mediterr\u00e1neo, S.L datos<br \/>\nque permitan obtener informaci\u00f3n sobre los dem\u00e1s miembros del grupo<br \/>\nfamiliar, o sobre las caracter\u00edsticas del mismo, como los datos relativos a la<br \/>\nactividad profesional de los progenitores, informaci\u00f3n econ\u00f3mica, datos<br \/>\nsociol\u00f3gicos o cualesquiera otros, sin el consentimiento de los titulares de tales<br \/>\ndatos.<\/p>\n<h3>UTILIZACI\u00d3N DE FUNCIONES Y COMPLEMENTOS DE TERCEROS<\/h3>\n<p>Las redes sociales pueden incorporar funciones y complementos<br \/>\nproporcionados por terceros para diversas finalidades como, por ejemplo:<\/p>\n<p>anal\u00edticas web de terceros, mapas de terceros, v\u00eddeos de terceros, compartici\u00f3n<br \/>\nen redes sociales; etc.<br \/>\nUna funci\u00f3n o complemento de un tercero establece una conexi\u00f3n directa<br \/>\nentre el navegador del usuario y los dominios de Internet controlados por el<br \/>\ntercero, permitiendo la descarga y ejecuci\u00f3n de la funci\u00f3n.<br \/>\nAsimismo, la mayor\u00eda de complementos de terceros recopilan qu\u00e9 p\u00e1ginas<br \/>\nvisitan los usuarios para conocer sus intereses y poder ofrecerle<br \/>\nposteriormente publicidad adaptada a los mismos.<\/p>\n\t\t\t\t\t\t\t\t<\/div>\n\t\t\t\t<\/div>\n\t\t\t\t\t<\/div>\n\t\t<\/div>\n\t\t\t\t\t<\/div>\n\t\t<\/section>\n\t\t\t\t<\/div>\n\t\t","protected":false},"excerpt":{"rendered":"<p>La utilizaci\u00f3n de esta web, redes sociales y de sus formularios requiere la aceptaci\u00f3n del tratamiento de los datos del usuario conforme a esta pol\u00edtica de privacidad, incluyendo la recopilaci\u00f3n de datos de acceso y el env\u00edo de informaci\u00f3n comercial por v\u00eda electr\u00f3nica. RESPONSABLE DEL TRATAMIENTO DE LOS DATOS E INFORMACI\u00d3N DE CONTACTO El responsable [&hellip;]<\/p>\n","protected":false},"author":1,"featured_media":0,"parent":0,"menu_order":0,"comment_status":"closed","ping_status":"closed","template":"","meta":{"_acf_changed":false,"footnotes":""},"class_list":["post-11109","page","type-page","status-publish","hentry"],"acf":[],"_links":{"self":[{"href":"https:\/\/licovin.es\/es\/wp-json\/wp\/v2\/pages\/11109","targetHints":{"allow":["GET"]}}],"collection":[{"href":"https:\/\/licovin.es\/es\/wp-json\/wp\/v2\/pages"}],"about":[{"href":"https:\/\/licovin.es\/es\/wp-json\/wp\/v2\/types\/page"}],"author":[{"embeddable":true,"href":"https:\/\/licovin.es\/es\/wp-json\/wp\/v2\/users\/1"}],"replies":[{"embeddable":true,"href":"https:\/\/licovin.es\/es\/wp-json\/wp\/v2\/comments?post=11109"}],"version-history":[{"count":1,"href":"https:\/\/licovin.es\/es\/wp-json\/wp\/v2\/pages\/11109\/revisions"}],"predecessor-version":[{"id":11110,"href":"https:\/\/licovin.es\/es\/wp-json\/wp\/v2\/pages\/11109\/revisions\/11110"}],"wp:attachment":[{"href":"https:\/\/licovin.es\/es\/wp-json\/wp\/v2\/media?parent=11109"}],"curies":[{"name":"wp","href":"https:\/\/api.w.org\/{rel}","templated":true}]}}